{"id":2,"date":"2017-02-03T11:06:42","date_gmt":"2017-02-03T10:06:42","guid":{"rendered":"http:\/\/imagotest.ch\/bg-binningen\/?page_id=2"},"modified":"2026-03-24T09:22:03","modified_gmt":"2026-03-24T07:22:03","slug":"home","status":"publish","type":"page","link":"https:\/\/www.bg-binningen.ch\/bg\/","title":{"rendered":"Home"},"content":{"rendered":"<div class=\"wpb-content-wrapper\"><p>[vc_row][vc_column][vc_column_text]<div id=\"metaslider-id-199\" style=\"width: 100%;\" class=\"ml-slider-3-108-0 ml-slider-pro-2-56-0 metaslider metaslider-responsive metaslider-199 ml-slider ms-theme-default\" role=\"region\" aria-label=\"Header_Home\" data-height=\"380\" data-width=\"1200\">\n    <div id=\"metaslider_container_199\">\n        <ul id='metaslider_199' class='rslides'>\n            <li aria-roledescription='slide' aria-labelledby='slide-0'><img loading=\"lazy\" decoding=\"async\" src=\"https:\/\/www.bg-binningen.ch\/bg\/wp-content\/uploads\/buergergemeinde_binningen_home_neu.jpg\" height=\"380\" width=\"1200\" alt=\"\" class=\"slider-199 slide-616 msDefaultImage\" \/><\/li>\n        <\/ul>\n        \n    <\/div>\n<\/div>[\/vc_column_text][\/vc_column][\/vc_row][vc_row][vc_column width=&#8220;3\/4&#8243;][vc_column_text css_animation=&#8220;top-to-bottom&#8220; css=&#8220;&#8220;]<\/p>\n<h2><strong>Willkommen bei der B\u00fcrgergemeinde Binningen<\/strong><\/h2>\n<h3>Auf dieser Website finden Sie Informationen \u00fcber die B\u00fcrgergemeinde, den B\u00fcrgerrat und seine Aufgaben, die Einb\u00fcrgerungsvoraussetzungen, die kulturellen Anl\u00e4sse, die Vermietung der Liegenschaften und anderes mehr.<\/h3>\n<p>[\/vc_column_text][vc_column_text]<a href=\"http:\/\/www.bg-binningen.ch\/bg\/buergergemeinde\/\"><img loading=\"lazy\" decoding=\"async\" class=\"alignnone size-full wp-image-585\" src=\"http:\/\/www.bg-binningen.ch\/bg\/wp-content\/uploads\/buergergemeinde_binningen_home-2.jpg\" alt=\"\" width=\"895\" height=\"384\" srcset=\"https:\/\/www.bg-binningen.ch\/bg\/wp-content\/uploads\/buergergemeinde_binningen_home-2.jpg 895w, https:\/\/www.bg-binningen.ch\/bg\/wp-content\/uploads\/buergergemeinde_binningen_home-2-300x129.jpg 300w, https:\/\/www.bg-binningen.ch\/bg\/wp-content\/uploads\/buergergemeinde_binningen_home-2-768x330.jpg 768w\" sizes=\"auto, (max-width: 895px) 100vw, 895px\" \/><\/a>[\/vc_column_text][vc_column_text css=&#8220;.vc_custom_1719994340694{background-color: #a1adb9 !important;}&#8220; el_class=&#8220;home_intro&#8220;]<\/p>\n<h2><a href=\"http:\/\/www.bg-binningen.ch\/bg\/buergergemeinde\/\">B\u00fcrgergemeinde<\/a><\/h2>\n<p>B\u00fcrgerrat, B\u00fcrgergemeindeversammlung, Geschichte, Finanzen, B\u00fcrgergemeindeordnung[\/vc_column_text][\/vc_column][vc_column width=&#8220;1\/4&#8243;][vc_column_text css=&#8220;.vc_custom_1740658889727{padding-top: 10px !important;padding-right: 10px !important;padding-bottom: 10px !important;padding-left: 10px !important;background-color: #a1adb9 !important;}&#8220; el_class=&#8220;aktuelles&#8220;]<\/p>\n<h1>Aktuelle Termine<\/h1>\n<p>[\/vc_column_text][vc_column_text css=&#8220;.vc_custom_1774336873941{margin-top: -36px !important;padding-top: 20px !important;padding-bottom: 10px !important;padding-left: 10px !important;background-color: #ffffff !important;}&#8220; el_class=&#8220;aktuelles_text&#8220;]<strong>Sanierung Schlossgasse 1<\/strong><br \/>\n<strong>13.4. &#8211; 29.5.2026 &#8211;<\/strong> Das Sekretariat der B\u00fcrgergemeinde befindet sich w\u00e4hren dieser Zeit an folgender Adresse: Nyfag AG, Wassergrabenstr. 1, Binningen &#8211; bitte Eingang an der Oberwilerstrasse benutzen.<\/p>\n<p>&nbsp;<\/p>\n<p><strong>6. Mai 2026<\/strong> &#8211; B\u00fcrgergemeinde-<br \/>\nversammlung, 19.00 Uhr, Kronenmattsaal<\/p>\n<p>&nbsp;<\/p>\n<p><strong>9. Mai 2026<\/strong> &#8211; Fr\u00fchlingsmarkt Schlossplatz, 10.00 &#8211; 17.00 Uhr<\/p>\n<p><a href=\"https:\/\/www.bg-binningen.ch\/bg\/wp-content\/uploads\/Binninger-Markt-20260509_Homepage_neu.pdf\">Anmeldung Marktstand<\/a><\/p>\n<p>&nbsp;<\/p>\n<p><strong>14. Mai 2026<\/strong> &#8211; Banntag, 10.00 Uhr, Drissel<\/p>\n<p>&nbsp;<\/p>\n<p><strong>11. Juni 2026<\/strong> &#8211; Konzert Schlossplatz, 19.30 Uhr[\/vc_column_text][vc_separator][vc_column_text css=&#8220;&#8220;]F\u00fcr CHF 20.00 k\u00f6nnen neu <strong>weisse Kurzarm-T-Shirts <\/strong>der B\u00fcrgergemeinde mit Logo bezogen werden. Kauf und Anprobe jeweils am Dienstag von 09.00 &#8211; 11.00 Uhr m\u00f6glich (Schlossgasse 1).<\/p>\n<p>&nbsp;<\/p>\n<p><strong>Forstrevier Allschwil\/vorderes Leimental<\/strong><\/p>\n<p><a href=\"https:\/\/www.forst-revier.ch\/produkte\">Bestellung Brennholz und weitere Produkte<\/a>[\/vc_column_text][\/vc_column][\/vc_row][vc_row][vc_column width=&#8220;1\/2&#8243;][vc_column_text]<a href=\"http:\/\/www.bg-binningen.ch\/bg\/kulturelles\/\"><img loading=\"lazy\" decoding=\"async\" class=\"alignnone wp-image-168 size-full\" src=\"http:\/\/www.bg-binningen.ch\/bg\/wp-content\/uploads\/bg_kulturelles-1.jpg\" width=\"826\" height=\"350\" srcset=\"https:\/\/www.bg-binningen.ch\/bg\/wp-content\/uploads\/bg_kulturelles-1.jpg 826w, https:\/\/www.bg-binningen.ch\/bg\/wp-content\/uploads\/bg_kulturelles-1-300x127.jpg 300w, https:\/\/www.bg-binningen.ch\/bg\/wp-content\/uploads\/bg_kulturelles-1-768x325.jpg 768w\" sizes=\"auto, (max-width: 826px) 100vw, 826px\" \/><\/a>[\/vc_column_text][vc_column_text css=&#8220;.vc_custom_1489582722371{background-color: #a1adb9 !important;}&#8220; el_class=&#8220;home_intro&#8220;]<\/p>\n<h2><a href=\"http:\/\/www.bg-binningen.ch\/bg\/kulturelles\/\">Kulturelles<\/a><\/h2>\n<p>Banntag, M\u00e4rkte, Kulturpreis und Konzerte[\/vc_column_text][\/vc_column][vc_column width=&#8220;1\/2&#8243;][vc_column_text]<a href=\"http:\/\/www.bg-binningen.ch\/bg\/einbuergerungen\/\"><img loading=\"lazy\" decoding=\"async\" class=\"alignnone size-full wp-image-169\" src=\"http:\/\/www.bg-binningen.ch\/bg\/wp-content\/uploads\/bg_einbuergerung.jpg\" alt=\"\" width=\"826\" height=\"350\" srcset=\"https:\/\/www.bg-binningen.ch\/bg\/wp-content\/uploads\/bg_einbuergerung.jpg 826w, https:\/\/www.bg-binningen.ch\/bg\/wp-content\/uploads\/bg_einbuergerung-300x127.jpg 300w, https:\/\/www.bg-binningen.ch\/bg\/wp-content\/uploads\/bg_einbuergerung-768x325.jpg 768w\" sizes=\"auto, (max-width: 826px) 100vw, 826px\" \/><\/a>[\/vc_column_text][vc_column_text css=&#8220;.vc_custom_1489582861715{background-color: #a1adb9 !important;}&#8220; el_class=&#8220;home_intro&#8220;]<\/p>\n<h2><a href=\"http:\/\/www.bg-binningen.ch\/bg\/einbuergerungen\/\">Einb\u00fcrgerungen<\/a><\/h2>\n<p>Reglement, Voraussetzungen\/Geb\u00fchren, Ablauf und Staatskunde[\/vc_column_text][\/vc_column][\/vc_row][vc_row][vc_column width=&#8220;1\/2&#8243;][vc_column_text]<a href=\"http:\/\/www.bg-binningen.ch\/bg\/wald\/\"><img loading=\"lazy\" decoding=\"async\" class=\"alignnone size-full wp-image-170\" src=\"http:\/\/www.bg-binningen.ch\/bg\/wp-content\/uploads\/bg_wald-1.jpg\" alt=\"\" width=\"826\" height=\"350\" srcset=\"https:\/\/www.bg-binningen.ch\/bg\/wp-content\/uploads\/bg_wald-1.jpg 826w, https:\/\/www.bg-binningen.ch\/bg\/wp-content\/uploads\/bg_wald-1-300x127.jpg 300w, https:\/\/www.bg-binningen.ch\/bg\/wp-content\/uploads\/bg_wald-1-768x325.jpg 768w\" sizes=\"auto, (max-width: 826px) 100vw, 826px\" \/><\/a>[\/vc_column_text][vc_column_text css=&#8220;.vc_custom_1489582885436{background-color: #a1adb9 !important;}&#8220; el_class=&#8220;home_intro&#8220;]<\/p>\n<h2><a href=\"http:\/\/www.bg-binningen.ch\/bg\/wald\/\">Wald<\/a><\/h2>\n<p>Infos, Fotos und Weihnachtsbaumaktion[\/vc_column_text][\/vc_column][vc_column width=&#8220;1\/2&#8243;][vc_column_text]<a href=\"http:\/\/www.bg-binningen.ch\/bg\/vermietungen\/\"><img loading=\"lazy\" decoding=\"async\" class=\"alignnone size-full wp-image-212\" src=\"http:\/\/www.bg-binningen.ch\/bg\/wp-content\/uploads\/vermietung_bg_binningen.jpg\" alt=\"\" width=\"885\" height=\"375\" srcset=\"https:\/\/www.bg-binningen.ch\/bg\/wp-content\/uploads\/vermietung_bg_binningen.jpg 885w, https:\/\/www.bg-binningen.ch\/bg\/wp-content\/uploads\/vermietung_bg_binningen-300x127.jpg 300w, https:\/\/www.bg-binningen.ch\/bg\/wp-content\/uploads\/vermietung_bg_binningen-768x325.jpg 768w\" sizes=\"auto, (max-width: 885px) 100vw, 885px\" \/><\/a>[\/vc_column_text][vc_column_text css=&#8220;.vc_custom_1489582924183{background-color: #a1adb9 !important;}&#8220; el_class=&#8220;home_intro&#8220;]<\/p>\n<h2><a href=\"http:\/\/www.bg-binningen.ch\/bg\/vermietungen\/\">Vermietungen<\/a><\/h2>\n<p>B\u00fcrgersaal und Wohnungen[\/vc_column_text][\/vc_column][\/vc_row]<\/p>\n<\/div>","protected":false},"excerpt":{"rendered":"<p>[vc_row][vc_column][vc_column_text][\/vc_column_text][\/vc_column][\/vc_row][vc_row][vc_column width=&#8220;3\/4&#8243;][vc_column_text css_animation=&#8220;top-to-bottom&#8220; css=&#8220;&#8220;] Willkommen bei der B\u00fcrgergemeinde Binningen Auf dieser Website finden Sie Informationen \u00fcber die B\u00fcrgergemeinde, den B\u00fcrgerrat und seine Aufgaben, die Einb\u00fcrgerungsvoraussetzungen, die kulturellen Anl\u00e4sse, die Vermietung der Liegenschaften und anderes mehr. [\/vc_column_text][vc_column_text][\/vc_column_text][vc_column_text css=&#8220;.vc_custom_1719994340694{background-color: #a1adb9 !important;}&#8220; el_class=&#8220;home_intro&#8220;] B\u00fcrgergemeinde B\u00fcrgerrat, B\u00fcrgergemeindeversammlung, Geschichte, Finanzen, B\u00fcrgergemeindeordnung[\/vc_column_text][\/vc_column][vc_column width=&#8220;1\/4&#8243;][vc_column_text css=&#8220;.vc_custom_1740658889727{padding-top: 10px !important;padding-right: 10px !important;padding-bottom: 10px !important;padding-left: 10px &#8230; <a title=\"Home\" class=\"read-more\" href=\"https:\/\/www.bg-binningen.ch\/bg\/\" aria-label=\"Mehr Informationen \u00fcber Home\">Weiterlesen<\/a><\/p>\n","protected":false},"author":1,"featured_media":0,"parent":0,"menu_order":0,"comment_status":"closed","ping_status":"closed","template":"","meta":{"footnotes":""},"class_list":["post-2","page","type-page","status-publish"],"aioseo_notices":[],"_links":{"self":[{"href":"https:\/\/www.bg-binningen.ch\/bg\/wp-json\/wp\/v2\/pages\/2","targetHints":{"allow":["GET"]}}],"collection":[{"href":"https:\/\/www.bg-binningen.ch\/bg\/wp-json\/wp\/v2\/pages"}],"about":[{"href":"https:\/\/www.bg-binningen.ch\/bg\/wp-json\/wp\/v2\/types\/page"}],"author":[{"embeddable":true,"href":"https:\/\/www.bg-binningen.ch\/bg\/wp-json\/wp\/v2\/users\/1"}],"replies":[{"embeddable":true,"href":"https:\/\/www.bg-binningen.ch\/bg\/wp-json\/wp\/v2\/comments?post=2"}],"version-history":[{"count":3,"href":"https:\/\/www.bg-binningen.ch\/bg\/wp-json\/wp\/v2\/pages\/2\/revisions"}],"predecessor-version":[{"id":2118,"href":"https:\/\/www.bg-binningen.ch\/bg\/wp-json\/wp\/v2\/pages\/2\/revisions\/2118"}],"wp:attachment":[{"href":"https:\/\/www.bg-binningen.ch\/bg\/wp-json\/wp\/v2\/media?parent=2"}],"curies":[{"name":"wp","href":"https:\/\/api.w.org\/{rel}","templated":true}]}}