{"id":213,"date":"2017-02-24T16:54:26","date_gmt":"2017-02-24T15:54:26","guid":{"rendered":"http:\/\/imagotest.ch\/bg-binningen\/?page_id=213"},"modified":"2025-09-16T08:54:45","modified_gmt":"2025-09-16T06:54:45","slug":"einbuergerungen","status":"publish","type":"page","link":"https:\/\/www.bg-binningen.ch\/bg\/einbuergerungen\/","title":{"rendered":"Einb\u00fcrgerungen"},"content":{"rendered":"<div class=\"wpb-content-wrapper\"><p>[vc_row][vc_column][vc_column_text]<div id=\"metaslider-id-214\" style=\"width: 100%;\" class=\"ml-slider-3-108-0 ml-slider-pro-2-56-0 metaslider metaslider-responsive metaslider-214 ml-slider ms-theme-default\" role=\"region\" aria-label=\"Head_Einb\u00fcrgerung\" data-height=\"380\" data-width=\"1200\">\n    <div id=\"metaslider_container_214\">\n        <ul id='metaslider_214' class='rslides'>\n            <li aria-roledescription='slide' aria-labelledby='slide-0'><img loading=\"lazy\" decoding=\"async\" src=\"https:\/\/www.bg-binningen.ch\/bg\/wp-content\/uploads\/buergergemeinde_binningen_einbuergerung.jpg\" height=\"380\" width=\"1200\" alt=\"\" class=\"slider-214 slide-215 msDefaultImage\" \/><\/li>\n        <\/ul>\n        \n    <\/div>\n<\/div>[\/vc_column_text][\/vc_column][\/vc_row][vc_row][vc_column width=&#8220;2\/3&#8243;][vc_column_text]<\/p>\n<h1>Einb\u00fcrgerungen<\/h1>\n<p>[\/vc_column_text][vc_column_text css=&#8220;&#8220;]Der B\u00fcrgerrat Binningen pr\u00fcft gem\u00e4ss Art. 14 lit. a und b des Eidgen\u00f6ssischen B\u00fcrgerrechtsgesetzes sowie \u00a7 14 des kantonalen B\u00fcrgerrechtsgesetzes die Eignung zur Einb\u00fcrgerung bzw. die Integration. Dazu l\u00e4dt er die Gesuchstellenden zu einem Einb\u00fcrgerungsgespr\u00e4ch ein. Anl\u00e4sslich dieses Gespr\u00e4chs vor einem Ausschuss des Binninger B\u00fcrgerrats (Ressort Einb\u00fcrgerungen und ein weiterer Vertreter des B\u00fcrgerrats) werden die Deutschkenntnisse anhand der Befragung zur Motivation der Einb\u00fcrgerung wie auch der rudiment\u00e4ren Kenntnisse der \u00f6rtlichen, kantonalen und nationalen Verh\u00e4ltnisse, der Schweizer Geschichte und Grundkenntnisse der Aufgabenteilung zwischen Bund, Kanton und Gemeinden, sowie der politischen Rechte und Pflichten in der Schweiz gepr\u00fcft.<\/p>\n<p>Als umfassende Vorbereitung f\u00fcr dieses Einb\u00fcrgerungsgespr\u00e4ch kann der vom B\u00fcrgerrat verfasste<\/p>\n<p><a href=\"https:\/\/www.bg-binningen.ch\/bg\/wp-content\/uploads\/Leitfaden-3.pdf\">Leitfaden<\/a><\/p>\n<p>studiert (und auch ausgedruckt) werden. Weitere Hilfsmittel gibt der B\u00fcrgerrat auf Anfrage gerne bekannt, vergleiche auch die Hinweise unter &#8222;Links&#8220;.[\/vc_column_text][vc_column_text]Das Schweizer B\u00fcrgerrecht ist entsprechend der f\u00f6deralistischen Struktur der Eidgenossenschaft dreistufig ausgestaltet. Schweizer B\u00fcrgerin und Schweizer B\u00fcrger ist, wer das B\u00fcrgerrecht einer Gemeinde und das B\u00fcrgerrecht eines Kantons besitzt (Art. 37 Abs. 1 Bundesverfassung). Alle drei B\u00fcrgerrechte &#8211; Gemeindeb\u00fcrgerrecht, Kantonsb\u00fcrgerrecht und Schweizer B\u00fcrgerrecht &#8211; sind untrennbar miteinander verbunden.<\/p>\n<p>Das Schweizer B\u00fcrgerrecht erh\u00e4lt eine Person entweder automatisch (von Gesetzes wegen) oder durch beh\u00f6rdlichen Beschluss, die so genannte Einb\u00fcrgerung.<\/p>\n<p>Automatisch erh\u00e4lt eine Person das Schweizer &#8211; und damit gleichzeitig das Kantons- und Gemeindeb\u00fcrgerrecht &#8211; von einem Schweizer Elternteil und zwar entweder durch Abstammung (Geburt) oder Adoption.<\/p>\n<p>Eine ordentliche Einb\u00fcrgerung ist erforderlich, wenn keine Spezialverfahren (erleichterte Einb\u00fcrgerung, Wiedereinb\u00fcrgerung) zur Anwendung gelangen, also f\u00fcr ausl\u00e4ndische Staatsangeh\u00f6rige ohne schweizerischen Elternteil oder ohne schweizerischen Ehepartner\/Ehepartnerin bzw. eingetragenen Partner oder eingetragene Partnerin mit Schweizer Pass. Bei der ordentlichen Einb\u00fcrgerung sind Bund, Kanton und Gemeinden zusammen zust\u00e4ndig.<\/p>\n<p>Von der erleichterten Einb\u00fcrgerung k\u00f6nnen unter bestimmten Voraussetzungen ausl\u00e4ndische Ehegatten von Schweizern\/Schweizerinnen sowie Kinder eines schweizerischen Elternteils, welche das Schweizer B\u00fcrgerrecht nicht besitzen, profitieren. Bei der erleichterten Einb\u00fcrgerung ist der Bund f\u00fcr den Entscheid allein zust\u00e4ndig.[\/vc_column_text][\/vc_column][vc_column width=&#8220;1\/3&#8243;][vc_column_text css=&#8220;.vc_custom_1487951358414{padding-top: 10px !important;padding-right: 10px !important;padding-bottom: 10px !important;padding-left: 10px !important;background-color: #a1adb9 !important;}&#8220; el_class=&#8220;aktuelles&#8220;]<\/p>\n<h1>Infos<\/h1>\n<p>[\/vc_column_text][vc_column_text css=&#8220;.vc_custom_1551171662724{margin-top: -34px !important;padding-top: 10px !important;padding-right: 10px !important;padding-bottom: 10px !important;padding-left: 10px !important;background-color: #ffffff !important;}&#8220;]<a href=\"http:\/\/www.bg-binningen.ch\/bg\/wp-content\/uploads\/Einbuergerungsreglement_2018_def.pdf\">Einb\u00fcrgerungsreglement<\/a><br \/>\n(wurde auf den 11. Februar 2019 in Kraft gesetzt)<\/p>\n<hr \/>\n<p><a href=\"http:\/\/www.bg-binningen.ch\/bg\/wp-content\/uploads\/Einbuergerungsvoraussetzungen_2018.pdf\">Voraussetzungen<\/a><\/p>\n<hr \/>\n<p><a href=\"http:\/\/www.bg-binningen.ch\/bg\/wp-content\/uploads\/Einbuergerungsgebuehren_2018.pdf\" target=\"_blank\" rel=\"noopener noreferrer\">Geb\u00fchren<\/a><\/p>\n<hr \/>\n<h2>Ablauf<\/h2>\n<p><strong>Die folgenden Informationsbl\u00e4tter geben Ihnen Auskunft \u00fcber den Ablauf der einzelnen Einb\u00fcrgerungsverfahren und den damit verbundenen Zeitaufwand:<\/strong><\/p>\n<p><a href=\"http:\/\/www.bg-binningen.ch\/bg\/wp-content\/uploads\/Verfahren_der_Einbuergerung_von_Buergern_und_Buergerinnen_des_Kantons_BL.pdf\" target=\"_blank\" rel=\"noopener noreferrer\">Verfahren der Einb\u00fcrgerung von B\u00fcrgern und B\u00fcrgerinnen des Kantons Basel-Landschaft in einer anderen basellandschaftlichen Gemeinde [PDF]<\/a><\/p>\n<p><a href=\"http:\/\/www.bg-binningen.ch\/bg\/wp-content\/uploads\/Verfahren_der_Einbuergerung_von_CH_anderer_Kantone.pdf\" target=\"_blank\" rel=\"noopener noreferrer\">Verfahren der Einb\u00fcrgerung von Schweizer B\u00fcrgern und Schweizer B\u00fcrgerinnen anderer Kantone [PDF]<\/a><\/p>\n<p><a href=\"http:\/\/www.bg-binningen.ch\/bg\/wp-content\/uploads\/Verfahren_der_Einbuergerung_von_auslaendischen_Staatsangehoerigen.pdf\" target=\"_blank\" rel=\"noopener noreferrer\">Verfahren der Einb\u00fcrgerung von ausl\u00e4ndischen Staatsangeh\u00f6rigen [PDF]<\/a>[\/vc_column_text][\/vc_column][\/vc_row][vc_row][vc_column width=&#8220;1\/2&#8243;][vc_column_text css=&#8220;&#8220;]Die Wiedereinb\u00fcrgerung steht diejenigen Personen offen, die das Schweizer B\u00fcrgerrecht verloren haben (durch Verwirkung, Heirat oder Entlassung aus dem Schweizer B\u00fcrgerrecht). Bei der Wiedereinb\u00fcrgerung ist der Bund f\u00fcr den Entscheid allein zust\u00e4ndig.<\/p>\n<p>Bei der ordentlichen Einb\u00fcrgerung pr\u00fcfen Bund, Kanton und Gemeinden dasselbe Gesuch, sie sind jedoch &#8211; unter Ber\u00fccksichtigung der allgemeinen Verfahrensgarantien und der Anwendung der jeweiligen gesetzlichen Bestimmungen &#8211; in ihrem Entscheid autonom. Das heisst, dass alle drei im Rahmen des ihnen vom Gesetz einger\u00e4umten Ermessensspielraums unabh\u00e4ngig voneinander entscheiden.<\/p>\n<p>Mit der Erteilung des Kantonsb\u00fcrgerrechts wird das vorher erteilte Gemeindeb\u00fcrgerrecht rechtswirksam und gleichzeitig wird das Schweizer B\u00fcrgerrecht erworben.<\/p>\n<p><strong>Die Gesuche f\u00fcr eine Einb\u00fcrgerung in Binningen sind bei der Schreiberin anzufordern (Sibylle Giani, Tel. 061 422 09 60, Dienstag und Freitag 9-11 Uhr).<\/strong><\/p>\n<p>Dokumente f\u00fcr die Voraussetzungen und Geb\u00fchren f\u00fcr schweizerische bzw. ausl\u00e4ndische Staatsangeh\u00f6rige finden Sie oben unter &#8222;<strong>Info&#8217;s<\/strong>&#8222;[\/vc_column_text][\/vc_column][vc_column width=&#8220;1\/2&#8220;][vc_column_text][\/vc_column_text][\/vc_column][\/vc_row]<\/p>\n<\/div>","protected":false},"excerpt":{"rendered":"<p>[vc_row][vc_column][vc_column_text][\/vc_column_text][\/vc_column][\/vc_row][vc_row][vc_column width=&#8220;2\/3&#8243;][vc_column_text] Einb\u00fcrgerungen [\/vc_column_text][vc_column_text css=&#8220;&#8220;]Der B\u00fcrgerrat Binningen pr\u00fcft gem\u00e4ss Art. 14 lit. a und b des Eidgen\u00f6ssischen B\u00fcrgerrechtsgesetzes sowie \u00a7 14 des kantonalen B\u00fcrgerrechtsgesetzes die Eignung zur Einb\u00fcrgerung bzw. die Integration. Dazu l\u00e4dt er die Gesuchstellenden zu einem Einb\u00fcrgerungsgespr\u00e4ch ein. Anl\u00e4sslich dieses Gespr\u00e4chs vor einem Ausschuss des Binninger B\u00fcrgerrats (Ressort Einb\u00fcrgerungen und ein weiterer Vertreter &#8230; <a title=\"Einb\u00fcrgerungen\" class=\"read-more\" href=\"https:\/\/www.bg-binningen.ch\/bg\/einbuergerungen\/\" aria-label=\"Mehr Informationen \u00fcber Einb\u00fcrgerungen\">Weiterlesen<\/a><\/p>\n","protected":false},"author":1,"featured_media":0,"parent":0,"menu_order":0,"comment_status":"closed","ping_status":"closed","template":"","meta":{"footnotes":""},"class_list":["post-213","page","type-page","status-publish"],"aioseo_notices":[],"_links":{"self":[{"href":"https:\/\/www.bg-binningen.ch\/bg\/wp-json\/wp\/v2\/pages\/213","targetHints":{"allow":["GET"]}}],"collection":[{"href":"https:\/\/www.bg-binningen.ch\/bg\/wp-json\/wp\/v2\/pages"}],"about":[{"href":"https:\/\/www.bg-binningen.ch\/bg\/wp-json\/wp\/v2\/types\/page"}],"author":[{"embeddable":true,"href":"https:\/\/www.bg-binningen.ch\/bg\/wp-json\/wp\/v2\/users\/1"}],"replies":[{"embeddable":true,"href":"https:\/\/www.bg-binningen.ch\/bg\/wp-json\/wp\/v2\/comments?post=213"}],"version-history":[{"count":0,"href":"https:\/\/www.bg-binningen.ch\/bg\/wp-json\/wp\/v2\/pages\/213\/revisions"}],"wp:attachment":[{"href":"https:\/\/www.bg-binningen.ch\/bg\/wp-json\/wp\/v2\/media?parent=213"}],"curies":[{"name":"wp","href":"https:\/\/api.w.org\/{rel}","templated":true}]}}