{"id":288,"date":"2017-03-15T16:46:46","date_gmt":"2017-03-15T14:46:46","guid":{"rendered":"http:\/\/imagotest.ch\/binningen\/?page_id=288"},"modified":"2023-08-31T10:44:20","modified_gmt":"2023-08-31T08:44:20","slug":"impressum","status":"publish","type":"page","link":"https:\/\/www.bg-binningen.ch\/bg\/impressum\/","title":{"rendered":"Impressum"},"content":{"rendered":"<div class=\"wpb-content-wrapper\"><p>[vc_row][vc_column][vc_column_text]<div id=\"metaslider-id-200\" style=\"width: 100%;\" class=\"ml-slider-3-109-0 ml-slider-pro-2-57-0 metaslider metaslider-responsive metaslider-200 ml-slider ms-theme-default\" role=\"region\" aria-label=\"Header_B\u00fcrgergemeinde\" data-height=\"380\" data-width=\"1200\">\n    <div id=\"metaslider_container_200\">\n        <ul id='metaslider_200' class='rslides'>\n            <li aria-roledescription='slide' aria-labelledby='slide-0'><img loading=\"lazy\" decoding=\"async\" src=\"https:\/\/www.bg-binningen.ch\/bg\/wp-content\/uploads\/buergergemeinde_binningen.jpg\" height=\"380\" width=\"1200\" alt=\"\" class=\"slider-200 slide-582 msDefaultImage\" \/><\/li>\n        <\/ul>\n        \n    <\/div>\n<\/div>[\/vc_column_text][\/vc_column][\/vc_row][vc_row][vc_column][vc_column_text]<\/p>\n<h1>Impressum<\/h1>\n<p>[\/vc_column_text][\/vc_column][\/vc_row][vc_row][vc_column width=&#8220;1\/2&#8243;][vc_column_text]<\/p>\n<h2>Betreiber der Website<\/h2>\n<p>B\u00fcrgergemeinde Binningen<br \/>\nSchlossgasse 1<br \/>\n4102 Binningen<br \/>\nTelefon Sekretariat 061 422 09 60<\/p>\n<hr \/>\n<h2>Design und Programmierung<\/h2>\n<p>Imago Werbung GmbH<br \/>\nGorenmattstrasse 18<br \/>\n4102 Binningen<br \/>\nTelefon 061 307 99 99<br \/>\n<a href=\"http:\/\/www.imago-werbung.ch\" target=\"_blank\" rel=\"noopener\">www.imago-werbung.ch<\/a>[\/vc_column_text][\/vc_column][vc_column width=&#8220;1\/2&#8243;][vc_column_text]<\/p>\n<h2>Haftungshinweis<\/h2>\n<p>Der Inhalt dieser Webseiten wird mit gr\u00f6sstm\u00f6glicher Sorgfalt gepflegt. Der Betreiber dieser Webseiten \u00fcbernimmt jedoch keinerlei Gew\u00e4hr f\u00fcr die Aktualit\u00e4t oder Vollst\u00e4ndigkeit der bereitgestellten Informationen.<\/p>\n<p>F\u00fcr die Inhalte externer Links sowie von verlinkten Seiten \u00fcbernimmt der Betreiber dieser Webseiten keine Haftung. F\u00fcr deren Inhalte sind ausschliesslich deren Betreiber verantwortlich. Zur Zeit der Linksetzung waren keine illegalen Inhalte auf den zu verlinkenden Seiten erkennbar. Auf die zuk\u00fcnftige Gestaltung, die Inhalte oder die Urheberschaft der verlinkten Seiten hat der Betreiber dieser Webseiten keinerlei Einfluss und distanziert sich von nachtr\u00e4glichen \u00c4nderungen der Inhalte nach der Linksetzung.<\/p>\n<hr \/>\n<h2>Verantwortung<\/h2>\n<p>Die Verantwortung f\u00fcr den Inhalt dieser Webseiten liegt bei der B\u00fcrgergemeinde Binningen, vertreten durch den B\u00fcrgerrat.[\/vc_column_text][\/vc_column][\/vc_row]<\/p>\n<\/div>","protected":false},"excerpt":{"rendered":"<p>[vc_row][vc_column][vc_column_text][\/vc_column_text][\/vc_column][\/vc_row][vc_row][vc_column][vc_column_text] Impressum [\/vc_column_text][\/vc_column][\/vc_row][vc_row][vc_column width=&#8220;1\/2&#8243;][vc_column_text] Betreiber der Website B\u00fcrgergemeinde Binningen Schlossgasse 1 4102 Binningen Telefon Sekretariat 061 422 09 60 Design und Programmierung Imago Werbung GmbH Gorenmattstrasse 18 4102 Binningen Telefon 061 307 99 99 www.imago-werbung.ch[\/vc_column_text][\/vc_column][vc_column width=&#8220;1\/2&#8243;][vc_column_text] Haftungshinweis Der Inhalt dieser Webseiten wird mit gr\u00f6sstm\u00f6glicher Sorgfalt gepflegt. Der Betreiber dieser Webseiten \u00fcbernimmt jedoch keinerlei Gew\u00e4hr f\u00fcr &#8230; <a title=\"Impressum\" class=\"read-more\" href=\"https:\/\/www.bg-binningen.ch\/bg\/impressum\/\" aria-label=\"Mehr Informationen \u00fcber Impressum\">Weiterlesen<\/a><\/p>\n","protected":false},"author":1,"featured_media":0,"parent":0,"menu_order":888,"comment_status":"closed","ping_status":"closed","template":"","meta":{"footnotes":""},"class_list":["post-288","page","type-page","status-publish"],"aioseo_notices":[],"_links":{"self":[{"href":"https:\/\/www.bg-binningen.ch\/bg\/wp-json\/wp\/v2\/pages\/288","targetHints":{"allow":["GET"]}}],"collection":[{"href":"https:\/\/www.bg-binningen.ch\/bg\/wp-json\/wp\/v2\/pages"}],"about":[{"href":"https:\/\/www.bg-binningen.ch\/bg\/wp-json\/wp\/v2\/types\/page"}],"author":[{"embeddable":true,"href":"https:\/\/www.bg-binningen.ch\/bg\/wp-json\/wp\/v2\/users\/1"}],"replies":[{"embeddable":true,"href":"https:\/\/www.bg-binningen.ch\/bg\/wp-json\/wp\/v2\/comments?post=288"}],"version-history":[{"count":0,"href":"https:\/\/www.bg-binningen.ch\/bg\/wp-json\/wp\/v2\/pages\/288\/revisions"}],"wp:attachment":[{"href":"https:\/\/www.bg-binningen.ch\/bg\/wp-json\/wp\/v2\/media?parent=288"}],"curies":[{"name":"wp","href":"https:\/\/api.w.org\/{rel}","templated":true}]}}